{"id":7839,"date":"2024-09-16T16:18:48","date_gmt":"2024-09-16T13:18:48","guid":{"rendered":"https:\/\/veo.fi\/?page_id=7839"},"modified":"2025-04-29T13:41:10","modified_gmt":"2025-04-29T10:41:10","slug":"skensystem-for-lagspanning-veba","status":"publish","type":"page","link":"https:\/\/veo.fi\/sv\/teknologier\/elektrifiering\/skensystem\/skensystem-for-lagspanning-veba\/","title":{"rendered":"Skensystem f\u00f6r l\u00e5gsp\u00e4nning VEBA"},"content":{"rendered":"","protected":false},"excerpt":{"rendered":"","protected":false},"author":4,"featured_media":0,"parent":7835,"menu_order":0,"comment_status":"closed","ping_status":"closed","template":"","meta":{"_acf_changed":false,"footnotes":""},"class_list":["post-7839","page","type-page","status-publish","hentry"],"acf":[],"yoast_head":"<!-- This site is optimized with the Yoast SEO plugin v27.2 - https:\/\/yoast.com\/product\/yoast-seo-wordpress\/ -->\n<title>L\u00e5gsp\u00e4nningsskenor | VEO VEBA samlingsskena<\/title>\n<meta name=\"description\" content=\"VEOs VEBA-skensystem har utvecklats f\u00f6r att m\u00f6ta de strikta krav som st\u00e4lls inom processindustrin vid olika l\u00e5gsp\u00e4nningsbehov.\" \/>\n<meta name=\"robots\" content=\"index, follow, max-snippet:-1, max-image-preview:large, max-video-preview:-1\" \/>\n<link rel=\"canonical\" href=\"https:\/\/veo.fi\/sv\/teknologier\/elektrifiering\/skensystem\/skensystem-for-lagspanning-veba\/\" \/>\n<meta property=\"og:locale\" content=\"sv_SE\" \/>\n<meta property=\"og:type\" content=\"article\" \/>\n<meta property=\"og:title\" content=\"L\u00e5gsp\u00e4nningsskenor | VEO VEBA samlingsskena\" \/>\n<meta property=\"og:description\" content=\"VEOs VEBA-skensystem har utvecklats f\u00f6r att m\u00f6ta de strikta krav som st\u00e4lls inom processindustrin vid olika l\u00e5gsp\u00e4nningsbehov.\" \/>\n<meta property=\"og:url\" content=\"https:\/\/veo.fi\/sv\/teknologier\/elektrifiering\/skensystem\/skensystem-for-lagspanning-veba\/\" \/>\n<meta property=\"og:site_name\" content=\"VEO Oy\" \/>\n<meta property=\"article:modified_time\" content=\"2025-04-29T10:41:10+00:00\" \/>\n<meta property=\"og:image\" content=\"https:\/\/veo.fi\/wp-content\/uploads\/2022\/03\/VEO_etusivu_hero_1920x1080px.jpg\" \/>\n\t<meta property=\"og:image:width\" content=\"1920\" \/>\n\t<meta property=\"og:image:height\" content=\"1080\" \/>\n\t<meta property=\"og:image:type\" content=\"image\/jpeg\" \/>\n<meta name=\"twitter:card\" content=\"summary_large_image\" \/>\n<script type=\"application\/ld+json\" class=\"yoast-schema-graph\">{\"@context\":\"https:\/\/schema.org\",\"@graph\":[{\"@type\":\"WebPage\",\"@id\":\"https:\/\/veo.fi\/sv\/teknologier\/elektrifiering\/skensystem\/skensystem-for-lagspanning-veba\/\",\"url\":\"https:\/\/veo.fi\/sv\/teknologier\/elektrifiering\/skensystem\/skensystem-for-lagspanning-veba\/\",\"name\":\"L\u00e5gsp\u00e4nningsskenor | VEO VEBA samlingsskena\",\"isPartOf\":{\"@id\":\"https:\/\/veo.fi\/#website\"},\"datePublished\":\"2024-09-16T13:18:48+00:00\",\"dateModified\":\"2025-04-29T10:41:10+00:00\",\"description\":\"VEOs VEBA-skensystem har utvecklats f\u00f6r att m\u00f6ta de strikta krav som st\u00e4lls inom processindustrin vid olika l\u00e5gsp\u00e4nningsbehov.\",\"breadcrumb\":{\"@id\":\"https:\/\/veo.fi\/sv\/teknologier\/elektrifiering\/skensystem\/skensystem-for-lagspanning-veba\/#breadcrumb\"},\"inLanguage\":\"sv-SE\",\"potentialAction\":[{\"@type\":\"ReadAction\",\"target\":[\"https:\/\/veo.fi\/sv\/teknologier\/elektrifiering\/skensystem\/skensystem-for-lagspanning-veba\/\"]}]},{\"@type\":\"BreadcrumbList\",\"@id\":\"https:\/\/veo.fi\/sv\/teknologier\/elektrifiering\/skensystem\/skensystem-for-lagspanning-veba\/#breadcrumb\",\"itemListElement\":[{\"@type\":\"ListItem\",\"position\":1,\"name\":\"Home\",\"item\":\"https:\/\/veo.fi\/sv\/\"},{\"@type\":\"ListItem\",\"position\":2,\"name\":\"Teknologier\",\"item\":\"https:\/\/veo.fi\/sv\/teknologier\/\"},{\"@type\":\"ListItem\",\"position\":3,\"name\":\"Elektrifiering\",\"item\":\"https:\/\/veo.fi\/sv\/teknologier\/elektrifiering\/\"},{\"@type\":\"ListItem\",\"position\":4,\"name\":\"Skensystem\",\"item\":\"https:\/\/veo.fi\/sv\/teknologier\/elektrifiering\/skensystem\/\"},{\"@type\":\"ListItem\",\"position\":5,\"name\":\"Skensystem f\u00f6r l\u00e5gsp\u00e4nning VEBA\"}]},{\"@type\":\"WebSite\",\"@id\":\"https:\/\/veo.fi\/#website\",\"url\":\"https:\/\/veo.fi\/\",\"name\":\"VEO Oy\",\"description\":\"\",\"publisher\":{\"@id\":\"https:\/\/veo.fi\/#organization\"},\"potentialAction\":[{\"@type\":\"SearchAction\",\"target\":{\"@type\":\"EntryPoint\",\"urlTemplate\":\"https:\/\/veo.fi\/?s={search_term_string}\"},\"query-input\":{\"@type\":\"PropertyValueSpecification\",\"valueRequired\":true,\"valueName\":\"search_term_string\"}}],\"inLanguage\":\"sv-SE\"},{\"@type\":\"Organization\",\"@id\":\"https:\/\/veo.fi\/#organization\",\"name\":\"VEO Oy\",\"url\":\"https:\/\/veo.fi\/\",\"logo\":{\"@type\":\"ImageObject\",\"inLanguage\":\"sv-SE\",\"@id\":\"https:\/\/veo.fi\/#\/schema\/logo\/image\/\",\"url\":\"https:\/\/veo.fi\/wp-content\/uploads\/2022\/04\/veo_rgb-2.png\",\"contentUrl\":\"https:\/\/veo.fi\/wp-content\/uploads\/2022\/04\/veo_rgb-2.png\",\"width\":803,\"height\":366,\"caption\":\"VEO Oy\"},\"image\":{\"@id\":\"https:\/\/veo.fi\/#\/schema\/logo\/image\/\"},\"sameAs\":[\"https:\/\/www.instagram.com\/veomoments\/?hl=fi\",\"https:\/\/fi.linkedin.com\/company\/veogroup\",\"https:\/\/www.youtube.com\/channel\/UC8XYauTvTGUCOtvVA9yBhdg\"]}]}<\/script>\n<!-- \/ Yoast SEO plugin. -->","yoast_head_json":{"title":"L\u00e5gsp\u00e4nningsskenor | VEO VEBA samlingsskena","description":"VEOs VEBA-skensystem har utvecklats f\u00f6r att m\u00f6ta de strikta krav som st\u00e4lls inom processindustrin vid olika l\u00e5gsp\u00e4nningsbehov.","robots":{"index":"index","follow":"follow","max-snippet":"max-snippet:-1","max-image-preview":"max-image-preview:large","max-video-preview":"max-video-preview:-1"},"canonical":"https:\/\/veo.fi\/sv\/teknologier\/elektrifiering\/skensystem\/skensystem-for-lagspanning-veba\/","og_locale":"sv_SE","og_type":"article","og_title":"L\u00e5gsp\u00e4nningsskenor | VEO VEBA samlingsskena","og_description":"VEOs VEBA-skensystem har utvecklats f\u00f6r att m\u00f6ta de strikta krav som st\u00e4lls inom processindustrin vid olika l\u00e5gsp\u00e4nningsbehov.","og_url":"https:\/\/veo.fi\/sv\/teknologier\/elektrifiering\/skensystem\/skensystem-for-lagspanning-veba\/","og_site_name":"VEO Oy","article_modified_time":"2025-04-29T10:41:10+00:00","og_image":[{"width":1920,"height":1080,"url":"https:\/\/veo.fi\/wp-content\/uploads\/2022\/03\/VEO_etusivu_hero_1920x1080px.jpg","type":"image\/jpeg"}],"twitter_card":"summary_large_image","schema":{"@context":"https:\/\/schema.org","@graph":[{"@type":"WebPage","@id":"https:\/\/veo.fi\/sv\/teknologier\/elektrifiering\/skensystem\/skensystem-for-lagspanning-veba\/","url":"https:\/\/veo.fi\/sv\/teknologier\/elektrifiering\/skensystem\/skensystem-for-lagspanning-veba\/","name":"L\u00e5gsp\u00e4nningsskenor | VEO VEBA samlingsskena","isPartOf":{"@id":"https:\/\/veo.fi\/#website"},"datePublished":"2024-09-16T13:18:48+00:00","dateModified":"2025-04-29T10:41:10+00:00","description":"VEOs VEBA-skensystem har utvecklats f\u00f6r att m\u00f6ta de strikta krav som st\u00e4lls inom processindustrin vid olika l\u00e5gsp\u00e4nningsbehov.","breadcrumb":{"@id":"https:\/\/veo.fi\/sv\/teknologier\/elektrifiering\/skensystem\/skensystem-for-lagspanning-veba\/#breadcrumb"},"inLanguage":"sv-SE","potentialAction":[{"@type":"ReadAction","target":["https:\/\/veo.fi\/sv\/teknologier\/elektrifiering\/skensystem\/skensystem-for-lagspanning-veba\/"]}]},{"@type":"BreadcrumbList","@id":"https:\/\/veo.fi\/sv\/teknologier\/elektrifiering\/skensystem\/skensystem-for-lagspanning-veba\/#breadcrumb","itemListElement":[{"@type":"ListItem","position":1,"name":"Home","item":"https:\/\/veo.fi\/sv\/"},{"@type":"ListItem","position":2,"name":"Teknologier","item":"https:\/\/veo.fi\/sv\/teknologier\/"},{"@type":"ListItem","position":3,"name":"Elektrifiering","item":"https:\/\/veo.fi\/sv\/teknologier\/elektrifiering\/"},{"@type":"ListItem","position":4,"name":"Skensystem","item":"https:\/\/veo.fi\/sv\/teknologier\/elektrifiering\/skensystem\/"},{"@type":"ListItem","position":5,"name":"Skensystem f\u00f6r l\u00e5gsp\u00e4nning VEBA"}]},{"@type":"WebSite","@id":"https:\/\/veo.fi\/#website","url":"https:\/\/veo.fi\/","name":"VEO Oy","description":"","publisher":{"@id":"https:\/\/veo.fi\/#organization"},"potentialAction":[{"@type":"SearchAction","target":{"@type":"EntryPoint","urlTemplate":"https:\/\/veo.fi\/?s={search_term_string}"},"query-input":{"@type":"PropertyValueSpecification","valueRequired":true,"valueName":"search_term_string"}}],"inLanguage":"sv-SE"},{"@type":"Organization","@id":"https:\/\/veo.fi\/#organization","name":"VEO Oy","url":"https:\/\/veo.fi\/","logo":{"@type":"ImageObject","inLanguage":"sv-SE","@id":"https:\/\/veo.fi\/#\/schema\/logo\/image\/","url":"https:\/\/veo.fi\/wp-content\/uploads\/2022\/04\/veo_rgb-2.png","contentUrl":"https:\/\/veo.fi\/wp-content\/uploads\/2022\/04\/veo_rgb-2.png","width":803,"height":366,"caption":"VEO Oy"},"image":{"@id":"https:\/\/veo.fi\/#\/schema\/logo\/image\/"},"sameAs":["https:\/\/www.instagram.com\/veomoments\/?hl=fi","https:\/\/fi.linkedin.com\/company\/veogroup","https:\/\/www.youtube.com\/channel\/UC8XYauTvTGUCOtvVA9yBhdg"]}]}},"_links":{"self":[{"href":"https:\/\/veo.fi\/sv\/wp-json\/wp\/v2\/pages\/7839","targetHints":{"allow":["GET"]}}],"collection":[{"href":"https:\/\/veo.fi\/sv\/wp-json\/wp\/v2\/pages"}],"about":[{"href":"https:\/\/veo.fi\/sv\/wp-json\/wp\/v2\/types\/page"}],"author":[{"embeddable":true,"href":"https:\/\/veo.fi\/sv\/wp-json\/wp\/v2\/users\/4"}],"replies":[{"embeddable":true,"href":"https:\/\/veo.fi\/sv\/wp-json\/wp\/v2\/comments?post=7839"}],"version-history":[{"count":18,"href":"https:\/\/veo.fi\/sv\/wp-json\/wp\/v2\/pages\/7839\/revisions"}],"predecessor-version":[{"id":15691,"href":"https:\/\/veo.fi\/sv\/wp-json\/wp\/v2\/pages\/7839\/revisions\/15691"}],"up":[{"embeddable":true,"href":"https:\/\/veo.fi\/sv\/wp-json\/wp\/v2\/pages\/7835"}],"wp:attachment":[{"href":"https:\/\/veo.fi\/sv\/wp-json\/wp\/v2\/media?parent=7839"}],"curies":[{"name":"wp","href":"https:\/\/api.w.org\/{rel}","templated":true}]}}