{"id":7507,"date":"2024-08-27T12:02:15","date_gmt":"2024-08-27T09:02:15","guid":{"rendered":"https:\/\/veo.fi\/?page_id=7507"},"modified":"2025-12-15T15:17:49","modified_gmt":"2025-12-15T13:17:49","slug":"varmekraft-varmeatervinning","status":"publish","type":"page","link":"https:\/\/veo.fi\/sv\/segment\/varmekraft-varmeatervinning\/","title":{"rendered":"V\u00e4rmekraft &#038; v\u00e4rme\u00e5tervinning"},"content":{"rendered":"","protected":false},"excerpt":{"rendered":"","protected":false},"author":4,"featured_media":0,"parent":8821,"menu_order":0,"comment_status":"closed","ping_status":"closed","template":"","meta":{"_acf_changed":false,"footnotes":""},"class_list":["post-7507","page","type-page","status-publish","hentry"],"acf":[],"yoast_head":"<!-- This site is optimized with the Yoast SEO plugin v27.2 - https:\/\/yoast.com\/product\/yoast-seo-wordpress\/ -->\n<title>V\u00e4rmekraft och v\u00e4rme\u00e5tervinning | VEO termisk v\u00e4rmekraft<\/title>\n<meta name=\"description\" content=\"VEOs elektrifierings- och automationsl\u00f6sningar f\u00f6rv\u00e4rme\u00e5tervinning eller kraftv\u00e4rmeverk \u00f6kar effektiviteten.\" \/>\n<meta name=\"robots\" content=\"index, follow, max-snippet:-1, max-image-preview:large, max-video-preview:-1\" \/>\n<link rel=\"canonical\" href=\"https:\/\/veo.fi\/sv\/segment\/varmekraft-varmeatervinning\/\" \/>\n<meta property=\"og:locale\" content=\"sv_SE\" \/>\n<meta property=\"og:type\" content=\"article\" \/>\n<meta property=\"og:title\" content=\"V\u00e4rmekraft och v\u00e4rme\u00e5tervinning | VEO termisk v\u00e4rmekraft\" \/>\n<meta property=\"og:description\" content=\"VEOs elektrifierings- och automationsl\u00f6sningar f\u00f6rv\u00e4rme\u00e5tervinning eller kraftv\u00e4rmeverk \u00f6kar effektiviteten.\" \/>\n<meta property=\"og:url\" content=\"https:\/\/veo.fi\/sv\/segment\/varmekraft-varmeatervinning\/\" \/>\n<meta property=\"og:site_name\" content=\"VEO Oy\" \/>\n<meta property=\"article:modified_time\" content=\"2025-12-15T13:17:49+00:00\" \/>\n<meta property=\"og:image\" content=\"https:\/\/veo.fi\/wp-content\/uploads\/2022\/03\/VEO_etusivu_hero_1920x1080px.jpg\" \/>\n\t<meta property=\"og:image:width\" content=\"1920\" \/>\n\t<meta property=\"og:image:height\" content=\"1080\" \/>\n\t<meta property=\"og:image:type\" content=\"image\/jpeg\" \/>\n<meta name=\"twitter:card\" content=\"summary_large_image\" \/>\n<script type=\"application\/ld+json\" class=\"yoast-schema-graph\">{\"@context\":\"https:\/\/schema.org\",\"@graph\":[{\"@type\":\"WebPage\",\"@id\":\"https:\/\/veo.fi\/sv\/segment\/varmekraft-varmeatervinning\/\",\"url\":\"https:\/\/veo.fi\/sv\/segment\/varmekraft-varmeatervinning\/\",\"name\":\"V\u00e4rmekraft och v\u00e4rme\u00e5tervinning | VEO termisk v\u00e4rmekraft\",\"isPartOf\":{\"@id\":\"https:\/\/veo.fi\/#website\"},\"datePublished\":\"2024-08-27T09:02:15+00:00\",\"dateModified\":\"2025-12-15T13:17:49+00:00\",\"description\":\"VEOs elektrifierings- och automationsl\u00f6sningar f\u00f6rv\u00e4rme\u00e5tervinning eller kraftv\u00e4rmeverk \u00f6kar effektiviteten.\",\"breadcrumb\":{\"@id\":\"https:\/\/veo.fi\/sv\/segment\/varmekraft-varmeatervinning\/#breadcrumb\"},\"inLanguage\":\"sv-SE\",\"potentialAction\":[{\"@type\":\"ReadAction\",\"target\":[\"https:\/\/veo.fi\/sv\/segment\/varmekraft-varmeatervinning\/\"]}]},{\"@type\":\"BreadcrumbList\",\"@id\":\"https:\/\/veo.fi\/sv\/segment\/varmekraft-varmeatervinning\/#breadcrumb\",\"itemListElement\":[{\"@type\":\"ListItem\",\"position\":1,\"name\":\"Home\",\"item\":\"https:\/\/veo.fi\/sv\/\"},{\"@type\":\"ListItem\",\"position\":2,\"name\":\"Segment\",\"item\":\"https:\/\/veo.fi\/sv\/segment\/\"},{\"@type\":\"ListItem\",\"position\":3,\"name\":\"V\u00e4rmekraft &#038; v\u00e4rme\u00e5tervinning\"}]},{\"@type\":\"WebSite\",\"@id\":\"https:\/\/veo.fi\/#website\",\"url\":\"https:\/\/veo.fi\/\",\"name\":\"VEO Oy\",\"description\":\"\",\"publisher\":{\"@id\":\"https:\/\/veo.fi\/#organization\"},\"potentialAction\":[{\"@type\":\"SearchAction\",\"target\":{\"@type\":\"EntryPoint\",\"urlTemplate\":\"https:\/\/veo.fi\/?s={search_term_string}\"},\"query-input\":{\"@type\":\"PropertyValueSpecification\",\"valueRequired\":true,\"valueName\":\"search_term_string\"}}],\"inLanguage\":\"sv-SE\"},{\"@type\":\"Organization\",\"@id\":\"https:\/\/veo.fi\/#organization\",\"name\":\"VEO Oy\",\"url\":\"https:\/\/veo.fi\/\",\"logo\":{\"@type\":\"ImageObject\",\"inLanguage\":\"sv-SE\",\"@id\":\"https:\/\/veo.fi\/#\/schema\/logo\/image\/\",\"url\":\"https:\/\/veo.fi\/wp-content\/uploads\/2022\/04\/veo_rgb-2.png\",\"contentUrl\":\"https:\/\/veo.fi\/wp-content\/uploads\/2022\/04\/veo_rgb-2.png\",\"width\":803,\"height\":366,\"caption\":\"VEO Oy\"},\"image\":{\"@id\":\"https:\/\/veo.fi\/#\/schema\/logo\/image\/\"},\"sameAs\":[\"https:\/\/www.instagram.com\/veomoments\/?hl=fi\",\"https:\/\/fi.linkedin.com\/company\/veogroup\",\"https:\/\/www.youtube.com\/channel\/UC8XYauTvTGUCOtvVA9yBhdg\"]}]}<\/script>\n<!-- \/ Yoast SEO plugin. -->","yoast_head_json":{"title":"V\u00e4rmekraft och v\u00e4rme\u00e5tervinning | VEO termisk v\u00e4rmekraft","description":"VEOs elektrifierings- och automationsl\u00f6sningar f\u00f6rv\u00e4rme\u00e5tervinning eller kraftv\u00e4rmeverk \u00f6kar effektiviteten.","robots":{"index":"index","follow":"follow","max-snippet":"max-snippet:-1","max-image-preview":"max-image-preview:large","max-video-preview":"max-video-preview:-1"},"canonical":"https:\/\/veo.fi\/sv\/segment\/varmekraft-varmeatervinning\/","og_locale":"sv_SE","og_type":"article","og_title":"V\u00e4rmekraft och v\u00e4rme\u00e5tervinning | VEO termisk v\u00e4rmekraft","og_description":"VEOs elektrifierings- och automationsl\u00f6sningar f\u00f6rv\u00e4rme\u00e5tervinning eller kraftv\u00e4rmeverk \u00f6kar effektiviteten.","og_url":"https:\/\/veo.fi\/sv\/segment\/varmekraft-varmeatervinning\/","og_site_name":"VEO Oy","article_modified_time":"2025-12-15T13:17:49+00:00","og_image":[{"width":1920,"height":1080,"url":"https:\/\/veo.fi\/wp-content\/uploads\/2022\/03\/VEO_etusivu_hero_1920x1080px.jpg","type":"image\/jpeg"}],"twitter_card":"summary_large_image","schema":{"@context":"https:\/\/schema.org","@graph":[{"@type":"WebPage","@id":"https:\/\/veo.fi\/sv\/segment\/varmekraft-varmeatervinning\/","url":"https:\/\/veo.fi\/sv\/segment\/varmekraft-varmeatervinning\/","name":"V\u00e4rmekraft och v\u00e4rme\u00e5tervinning | VEO termisk v\u00e4rmekraft","isPartOf":{"@id":"https:\/\/veo.fi\/#website"},"datePublished":"2024-08-27T09:02:15+00:00","dateModified":"2025-12-15T13:17:49+00:00","description":"VEOs elektrifierings- och automationsl\u00f6sningar f\u00f6rv\u00e4rme\u00e5tervinning eller kraftv\u00e4rmeverk \u00f6kar effektiviteten.","breadcrumb":{"@id":"https:\/\/veo.fi\/sv\/segment\/varmekraft-varmeatervinning\/#breadcrumb"},"inLanguage":"sv-SE","potentialAction":[{"@type":"ReadAction","target":["https:\/\/veo.fi\/sv\/segment\/varmekraft-varmeatervinning\/"]}]},{"@type":"BreadcrumbList","@id":"https:\/\/veo.fi\/sv\/segment\/varmekraft-varmeatervinning\/#breadcrumb","itemListElement":[{"@type":"ListItem","position":1,"name":"Home","item":"https:\/\/veo.fi\/sv\/"},{"@type":"ListItem","position":2,"name":"Segment","item":"https:\/\/veo.fi\/sv\/segment\/"},{"@type":"ListItem","position":3,"name":"V\u00e4rmekraft &#038; v\u00e4rme\u00e5tervinning"}]},{"@type":"WebSite","@id":"https:\/\/veo.fi\/#website","url":"https:\/\/veo.fi\/","name":"VEO Oy","description":"","publisher":{"@id":"https:\/\/veo.fi\/#organization"},"potentialAction":[{"@type":"SearchAction","target":{"@type":"EntryPoint","urlTemplate":"https:\/\/veo.fi\/?s={search_term_string}"},"query-input":{"@type":"PropertyValueSpecification","valueRequired":true,"valueName":"search_term_string"}}],"inLanguage":"sv-SE"},{"@type":"Organization","@id":"https:\/\/veo.fi\/#organization","name":"VEO Oy","url":"https:\/\/veo.fi\/","logo":{"@type":"ImageObject","inLanguage":"sv-SE","@id":"https:\/\/veo.fi\/#\/schema\/logo\/image\/","url":"https:\/\/veo.fi\/wp-content\/uploads\/2022\/04\/veo_rgb-2.png","contentUrl":"https:\/\/veo.fi\/wp-content\/uploads\/2022\/04\/veo_rgb-2.png","width":803,"height":366,"caption":"VEO Oy"},"image":{"@id":"https:\/\/veo.fi\/#\/schema\/logo\/image\/"},"sameAs":["https:\/\/www.instagram.com\/veomoments\/?hl=fi","https:\/\/fi.linkedin.com\/company\/veogroup","https:\/\/www.youtube.com\/channel\/UC8XYauTvTGUCOtvVA9yBhdg"]}]}},"_links":{"self":[{"href":"https:\/\/veo.fi\/sv\/wp-json\/wp\/v2\/pages\/7507","targetHints":{"allow":["GET"]}}],"collection":[{"href":"https:\/\/veo.fi\/sv\/wp-json\/wp\/v2\/pages"}],"about":[{"href":"https:\/\/veo.fi\/sv\/wp-json\/wp\/v2\/types\/page"}],"author":[{"embeddable":true,"href":"https:\/\/veo.fi\/sv\/wp-json\/wp\/v2\/users\/4"}],"replies":[{"embeddable":true,"href":"https:\/\/veo.fi\/sv\/wp-json\/wp\/v2\/comments?post=7507"}],"version-history":[{"count":18,"href":"https:\/\/veo.fi\/sv\/wp-json\/wp\/v2\/pages\/7507\/revisions"}],"predecessor-version":[{"id":17893,"href":"https:\/\/veo.fi\/sv\/wp-json\/wp\/v2\/pages\/7507\/revisions\/17893"}],"up":[{"embeddable":true,"href":"https:\/\/veo.fi\/sv\/wp-json\/wp\/v2\/pages\/8821"}],"wp:attachment":[{"href":"https:\/\/veo.fi\/sv\/wp-json\/wp\/v2\/media?parent=7507"}],"curies":[{"name":"wp","href":"https:\/\/api.w.org\/{rel}","templated":true}]}}