{"id":7306,"date":"2024-08-19T15:18:04","date_gmt":"2024-08-19T12:18:04","guid":{"rendered":"https:\/\/veo.fi\/?page_id=7306"},"modified":"2025-12-15T14:55:13","modified_gmt":"2025-12-15T12:55:13","slug":"motor-hybridkraftverk","status":"publish","type":"page","link":"https:\/\/veo.fi\/sv\/segment\/motor-hybridkraftverk\/","title":{"rendered":"Motor- &#038; hybridkraftverk"},"content":{"rendered":"","protected":false},"excerpt":{"rendered":"","protected":false},"author":4,"featured_media":0,"parent":8821,"menu_order":0,"comment_status":"closed","ping_status":"closed","template":"","meta":{"_acf_changed":false,"footnotes":""},"class_list":["post-7306","page","type-page","status-publish","hentry"],"acf":[],"yoast_head":"<!-- This site is optimized with the Yoast SEO plugin v27.4 - https:\/\/yoast.com\/product\/yoast-seo-wordpress\/ -->\n<title>Motor- och hybridkraftverk | VEO Energieffektiva l\u00f6sningar<\/title>\n<meta name=\"description\" content=\"VEOs l\u00f6sningar f\u00f6r motor- och hybridkraftverk optimerar motoreffektiviteten, minskar kostnader och bidrar till avkarboniseringen.\" \/>\n<meta name=\"robots\" content=\"index, follow, max-snippet:-1, max-image-preview:large, max-video-preview:-1\" \/>\n<link rel=\"canonical\" href=\"https:\/\/veo.fi\/sv\/segment\/motor-hybridkraftverk\/\" \/>\n<meta property=\"og:locale\" content=\"sv_SE\" \/>\n<meta property=\"og:type\" content=\"article\" \/>\n<meta property=\"og:title\" content=\"Motor- och hybridkraftverk | VEO Energieffektiva l\u00f6sningar\" \/>\n<meta property=\"og:description\" content=\"VEOs l\u00f6sningar f\u00f6r motor- och hybridkraftverk optimerar motoreffektiviteten, minskar kostnader och bidrar till avkarboniseringen.\" \/>\n<meta property=\"og:url\" content=\"https:\/\/veo.fi\/sv\/segment\/motor-hybridkraftverk\/\" \/>\n<meta property=\"og:site_name\" content=\"VEO Oy\" \/>\n<meta property=\"article:modified_time\" content=\"2025-12-15T12:55:13+00:00\" \/>\n<meta property=\"og:image\" content=\"https:\/\/veo.fi\/wp-content\/uploads\/2022\/03\/VEO_etusivu_hero_1920x1080px.jpg\" \/>\n\t<meta property=\"og:image:width\" content=\"1920\" \/>\n\t<meta property=\"og:image:height\" content=\"1080\" \/>\n\t<meta property=\"og:image:type\" content=\"image\/jpeg\" \/>\n<meta name=\"twitter:card\" content=\"summary_large_image\" \/>\n<script type=\"application\/ld+json\" class=\"yoast-schema-graph\">{\"@context\":\"https:\\\/\\\/schema.org\",\"@graph\":[{\"@type\":\"WebPage\",\"@id\":\"https:\\\/\\\/veo.fi\\\/sv\\\/segment\\\/motor-hybridkraftverk\\\/\",\"url\":\"https:\\\/\\\/veo.fi\\\/sv\\\/segment\\\/motor-hybridkraftverk\\\/\",\"name\":\"Motor- och hybridkraftverk | VEO Energieffektiva l\u00f6sningar\",\"isPartOf\":{\"@id\":\"https:\\\/\\\/veo.fi\\\/#website\"},\"datePublished\":\"2024-08-19T12:18:04+00:00\",\"dateModified\":\"2025-12-15T12:55:13+00:00\",\"description\":\"VEOs l\u00f6sningar f\u00f6r motor- och hybridkraftverk optimerar motoreffektiviteten, minskar kostnader och bidrar till avkarboniseringen.\",\"breadcrumb\":{\"@id\":\"https:\\\/\\\/veo.fi\\\/sv\\\/segment\\\/motor-hybridkraftverk\\\/#breadcrumb\"},\"inLanguage\":\"sv-SE\",\"potentialAction\":[{\"@type\":\"ReadAction\",\"target\":[\"https:\\\/\\\/veo.fi\\\/sv\\\/segment\\\/motor-hybridkraftverk\\\/\"]}]},{\"@type\":\"BreadcrumbList\",\"@id\":\"https:\\\/\\\/veo.fi\\\/sv\\\/segment\\\/motor-hybridkraftverk\\\/#breadcrumb\",\"itemListElement\":[{\"@type\":\"ListItem\",\"position\":1,\"name\":\"Home\",\"item\":\"https:\\\/\\\/veo.fi\\\/sv\\\/\"},{\"@type\":\"ListItem\",\"position\":2,\"name\":\"Segment\",\"item\":\"https:\\\/\\\/veo.fi\\\/sv\\\/segment\\\/\"},{\"@type\":\"ListItem\",\"position\":3,\"name\":\"Motor- &#038; hybridkraftverk\"}]},{\"@type\":\"WebSite\",\"@id\":\"https:\\\/\\\/veo.fi\\\/#website\",\"url\":\"https:\\\/\\\/veo.fi\\\/\",\"name\":\"VEO Oy\",\"description\":\"\",\"publisher\":{\"@id\":\"https:\\\/\\\/veo.fi\\\/#organization\"},\"potentialAction\":[{\"@type\":\"SearchAction\",\"target\":{\"@type\":\"EntryPoint\",\"urlTemplate\":\"https:\\\/\\\/veo.fi\\\/?s={search_term_string}\"},\"query-input\":{\"@type\":\"PropertyValueSpecification\",\"valueRequired\":true,\"valueName\":\"search_term_string\"}}],\"inLanguage\":\"sv-SE\"},{\"@type\":\"Organization\",\"@id\":\"https:\\\/\\\/veo.fi\\\/#organization\",\"name\":\"VEO Oy\",\"url\":\"https:\\\/\\\/veo.fi\\\/\",\"logo\":{\"@type\":\"ImageObject\",\"inLanguage\":\"sv-SE\",\"@id\":\"https:\\\/\\\/veo.fi\\\/#\\\/schema\\\/logo\\\/image\\\/\",\"url\":\"https:\\\/\\\/veo.fi\\\/wp-content\\\/uploads\\\/2022\\\/04\\\/veo_rgb-2.png\",\"contentUrl\":\"https:\\\/\\\/veo.fi\\\/wp-content\\\/uploads\\\/2022\\\/04\\\/veo_rgb-2.png\",\"width\":803,\"height\":366,\"caption\":\"VEO Oy\"},\"image\":{\"@id\":\"https:\\\/\\\/veo.fi\\\/#\\\/schema\\\/logo\\\/image\\\/\"},\"sameAs\":[\"https:\\\/\\\/www.instagram.com\\\/veomoments\\\/?hl=fi\",\"https:\\\/\\\/fi.linkedin.com\\\/company\\\/veogroup\",\"https:\\\/\\\/www.youtube.com\\\/channel\\\/UC8XYauTvTGUCOtvVA9yBhdg\"]}]}<\/script>\n<!-- \/ Yoast SEO plugin. -->","yoast_head_json":{"title":"Motor- och hybridkraftverk | VEO Energieffektiva l\u00f6sningar","description":"VEOs l\u00f6sningar f\u00f6r motor- och hybridkraftverk optimerar motoreffektiviteten, minskar kostnader och bidrar till avkarboniseringen.","robots":{"index":"index","follow":"follow","max-snippet":"max-snippet:-1","max-image-preview":"max-image-preview:large","max-video-preview":"max-video-preview:-1"},"canonical":"https:\/\/veo.fi\/sv\/segment\/motor-hybridkraftverk\/","og_locale":"sv_SE","og_type":"article","og_title":"Motor- och hybridkraftverk | VEO Energieffektiva l\u00f6sningar","og_description":"VEOs l\u00f6sningar f\u00f6r motor- och hybridkraftverk optimerar motoreffektiviteten, minskar kostnader och bidrar till avkarboniseringen.","og_url":"https:\/\/veo.fi\/sv\/segment\/motor-hybridkraftverk\/","og_site_name":"VEO Oy","article_modified_time":"2025-12-15T12:55:13+00:00","og_image":[{"width":1920,"height":1080,"url":"https:\/\/veo.fi\/wp-content\/uploads\/2022\/03\/VEO_etusivu_hero_1920x1080px.jpg","type":"image\/jpeg"}],"twitter_card":"summary_large_image","schema":{"@context":"https:\/\/schema.org","@graph":[{"@type":"WebPage","@id":"https:\/\/veo.fi\/sv\/segment\/motor-hybridkraftverk\/","url":"https:\/\/veo.fi\/sv\/segment\/motor-hybridkraftverk\/","name":"Motor- och hybridkraftverk | VEO Energieffektiva l\u00f6sningar","isPartOf":{"@id":"https:\/\/veo.fi\/#website"},"datePublished":"2024-08-19T12:18:04+00:00","dateModified":"2025-12-15T12:55:13+00:00","description":"VEOs l\u00f6sningar f\u00f6r motor- och hybridkraftverk optimerar motoreffektiviteten, minskar kostnader och bidrar till avkarboniseringen.","breadcrumb":{"@id":"https:\/\/veo.fi\/sv\/segment\/motor-hybridkraftverk\/#breadcrumb"},"inLanguage":"sv-SE","potentialAction":[{"@type":"ReadAction","target":["https:\/\/veo.fi\/sv\/segment\/motor-hybridkraftverk\/"]}]},{"@type":"BreadcrumbList","@id":"https:\/\/veo.fi\/sv\/segment\/motor-hybridkraftverk\/#breadcrumb","itemListElement":[{"@type":"ListItem","position":1,"name":"Home","item":"https:\/\/veo.fi\/sv\/"},{"@type":"ListItem","position":2,"name":"Segment","item":"https:\/\/veo.fi\/sv\/segment\/"},{"@type":"ListItem","position":3,"name":"Motor- &#038; hybridkraftverk"}]},{"@type":"WebSite","@id":"https:\/\/veo.fi\/#website","url":"https:\/\/veo.fi\/","name":"VEO Oy","description":"","publisher":{"@id":"https:\/\/veo.fi\/#organization"},"potentialAction":[{"@type":"SearchAction","target":{"@type":"EntryPoint","urlTemplate":"https:\/\/veo.fi\/?s={search_term_string}"},"query-input":{"@type":"PropertyValueSpecification","valueRequired":true,"valueName":"search_term_string"}}],"inLanguage":"sv-SE"},{"@type":"Organization","@id":"https:\/\/veo.fi\/#organization","name":"VEO Oy","url":"https:\/\/veo.fi\/","logo":{"@type":"ImageObject","inLanguage":"sv-SE","@id":"https:\/\/veo.fi\/#\/schema\/logo\/image\/","url":"https:\/\/veo.fi\/wp-content\/uploads\/2022\/04\/veo_rgb-2.png","contentUrl":"https:\/\/veo.fi\/wp-content\/uploads\/2022\/04\/veo_rgb-2.png","width":803,"height":366,"caption":"VEO Oy"},"image":{"@id":"https:\/\/veo.fi\/#\/schema\/logo\/image\/"},"sameAs":["https:\/\/www.instagram.com\/veomoments\/?hl=fi","https:\/\/fi.linkedin.com\/company\/veogroup","https:\/\/www.youtube.com\/channel\/UC8XYauTvTGUCOtvVA9yBhdg"]}]}},"_links":{"self":[{"href":"https:\/\/veo.fi\/sv\/wp-json\/wp\/v2\/pages\/7306","targetHints":{"allow":["GET"]}}],"collection":[{"href":"https:\/\/veo.fi\/sv\/wp-json\/wp\/v2\/pages"}],"about":[{"href":"https:\/\/veo.fi\/sv\/wp-json\/wp\/v2\/types\/page"}],"author":[{"embeddable":true,"href":"https:\/\/veo.fi\/sv\/wp-json\/wp\/v2\/users\/4"}],"replies":[{"embeddable":true,"href":"https:\/\/veo.fi\/sv\/wp-json\/wp\/v2\/comments?post=7306"}],"version-history":[{"count":19,"href":"https:\/\/veo.fi\/sv\/wp-json\/wp\/v2\/pages\/7306\/revisions"}],"predecessor-version":[{"id":17884,"href":"https:\/\/veo.fi\/sv\/wp-json\/wp\/v2\/pages\/7306\/revisions\/17884"}],"up":[{"embeddable":true,"href":"https:\/\/veo.fi\/sv\/wp-json\/wp\/v2\/pages\/8821"}],"wp:attachment":[{"href":"https:\/\/veo.fi\/sv\/wp-json\/wp\/v2\/media?parent=7306"}],"curies":[{"name":"wp","href":"https:\/\/api.w.org\/{rel}","templated":true}]}}