{"id":3286,"date":"2022-04-05T08:30:33","date_gmt":"2022-04-05T05:30:33","guid":{"rendered":"https:\/\/veo.fi\/om-oss\/annual-report\/"},"modified":"2026-04-22T09:24:26","modified_gmt":"2026-04-22T06:24:26","slug":"arsberattelser","status":"publish","type":"page","link":"https:\/\/veo.fi\/sv\/arsberattelser\/","title":{"rendered":"\u00c5rsber\u00e4ttelser"},"content":{"rendered":"","protected":false},"excerpt":{"rendered":"","protected":false},"author":2,"featured_media":0,"parent":0,"menu_order":0,"comment_status":"closed","ping_status":"closed","template":"","meta":{"_acf_changed":false,"footnotes":""},"class_list":["post-3286","page","type-page","status-publish","hentry"],"acf":[],"yoast_head":"<!-- This site is optimized with the Yoast SEO plugin v27.4 - https:\/\/yoast.com\/product\/yoast-seo-wordpress\/ -->\n<title>\u00c5rsber\u00e4ttelse | VEO<\/title>\n<meta name=\"description\" content=\"L\u00e4s VEOs senaste \u00e5rsber\u00e4ttelse f\u00f6r en insikt i v\u00e5r finansiella utveckling, strategiska initiativ och h\u00e5llbarhetsarbete.\" \/>\n<meta name=\"robots\" content=\"index, follow, max-snippet:-1, max-image-preview:large, max-video-preview:-1\" \/>\n<link rel=\"canonical\" href=\"https:\/\/veo.fi\/sv\/arsberattelser\/\" \/>\n<meta property=\"og:locale\" content=\"sv_SE\" \/>\n<meta property=\"og:type\" content=\"article\" \/>\n<meta property=\"og:title\" content=\"\u00c5rsber\u00e4ttelse | VEO\" \/>\n<meta property=\"og:description\" content=\"L\u00e4s VEOs senaste \u00e5rsber\u00e4ttelse f\u00f6r en insikt i v\u00e5r finansiella utveckling, strategiska initiativ och h\u00e5llbarhetsarbete.\" \/>\n<meta property=\"og:url\" content=\"https:\/\/veo.fi\/sv\/arsberattelser\/\" \/>\n<meta property=\"og:site_name\" content=\"VEO Oy\" \/>\n<meta property=\"article:modified_time\" content=\"2026-04-22T06:24:26+00:00\" \/>\n<meta property=\"og:image\" content=\"https:\/\/veo.fi\/wp-content\/uploads\/2022\/03\/VEO_etusivu_hero_1920x1080px.jpg\" \/>\n\t<meta property=\"og:image:width\" content=\"1920\" \/>\n\t<meta property=\"og:image:height\" content=\"1080\" \/>\n\t<meta property=\"og:image:type\" content=\"image\/jpeg\" \/>\n<meta name=\"twitter:card\" content=\"summary_large_image\" \/>\n<script type=\"application\/ld+json\" class=\"yoast-schema-graph\">{\"@context\":\"https:\\\/\\\/schema.org\",\"@graph\":[{\"@type\":\"WebPage\",\"@id\":\"https:\\\/\\\/veo.fi\\\/sv\\\/arsberattelser\\\/\",\"url\":\"https:\\\/\\\/veo.fi\\\/sv\\\/arsberattelser\\\/\",\"name\":\"\u00c5rsber\u00e4ttelse | VEO\",\"isPartOf\":{\"@id\":\"https:\\\/\\\/veo.fi\\\/#website\"},\"datePublished\":\"2022-04-05T05:30:33+00:00\",\"dateModified\":\"2026-04-22T06:24:26+00:00\",\"description\":\"L\u00e4s VEOs senaste \u00e5rsber\u00e4ttelse f\u00f6r en insikt i v\u00e5r finansiella utveckling, strategiska initiativ och h\u00e5llbarhetsarbete.\",\"breadcrumb\":{\"@id\":\"https:\\\/\\\/veo.fi\\\/sv\\\/arsberattelser\\\/#breadcrumb\"},\"inLanguage\":\"sv-SE\",\"potentialAction\":[{\"@type\":\"ReadAction\",\"target\":[\"https:\\\/\\\/veo.fi\\\/sv\\\/arsberattelser\\\/\"]}]},{\"@type\":\"BreadcrumbList\",\"@id\":\"https:\\\/\\\/veo.fi\\\/sv\\\/arsberattelser\\\/#breadcrumb\",\"itemListElement\":[{\"@type\":\"ListItem\",\"position\":1,\"name\":\"Home\",\"item\":\"https:\\\/\\\/veo.fi\\\/sv\\\/\"},{\"@type\":\"ListItem\",\"position\":2,\"name\":\"\u00c5rsber\u00e4ttelser\"}]},{\"@type\":\"WebSite\",\"@id\":\"https:\\\/\\\/veo.fi\\\/#website\",\"url\":\"https:\\\/\\\/veo.fi\\\/\",\"name\":\"VEO Oy\",\"description\":\"\",\"publisher\":{\"@id\":\"https:\\\/\\\/veo.fi\\\/#organization\"},\"potentialAction\":[{\"@type\":\"SearchAction\",\"target\":{\"@type\":\"EntryPoint\",\"urlTemplate\":\"https:\\\/\\\/veo.fi\\\/?s={search_term_string}\"},\"query-input\":{\"@type\":\"PropertyValueSpecification\",\"valueRequired\":true,\"valueName\":\"search_term_string\"}}],\"inLanguage\":\"sv-SE\"},{\"@type\":\"Organization\",\"@id\":\"https:\\\/\\\/veo.fi\\\/#organization\",\"name\":\"VEO Oy\",\"url\":\"https:\\\/\\\/veo.fi\\\/\",\"logo\":{\"@type\":\"ImageObject\",\"inLanguage\":\"sv-SE\",\"@id\":\"https:\\\/\\\/veo.fi\\\/#\\\/schema\\\/logo\\\/image\\\/\",\"url\":\"https:\\\/\\\/veo.fi\\\/wp-content\\\/uploads\\\/2022\\\/04\\\/veo_rgb-2.png\",\"contentUrl\":\"https:\\\/\\\/veo.fi\\\/wp-content\\\/uploads\\\/2022\\\/04\\\/veo_rgb-2.png\",\"width\":803,\"height\":366,\"caption\":\"VEO Oy\"},\"image\":{\"@id\":\"https:\\\/\\\/veo.fi\\\/#\\\/schema\\\/logo\\\/image\\\/\"},\"sameAs\":[\"https:\\\/\\\/www.instagram.com\\\/veomoments\\\/?hl=fi\",\"https:\\\/\\\/fi.linkedin.com\\\/company\\\/veogroup\",\"https:\\\/\\\/www.youtube.com\\\/channel\\\/UC8XYauTvTGUCOtvVA9yBhdg\"]}]}<\/script>\n<!-- \/ Yoast SEO plugin. -->","yoast_head_json":{"title":"\u00c5rsber\u00e4ttelse | VEO","description":"L\u00e4s VEOs senaste \u00e5rsber\u00e4ttelse f\u00f6r en insikt i v\u00e5r finansiella utveckling, strategiska initiativ och h\u00e5llbarhetsarbete.","robots":{"index":"index","follow":"follow","max-snippet":"max-snippet:-1","max-image-preview":"max-image-preview:large","max-video-preview":"max-video-preview:-1"},"canonical":"https:\/\/veo.fi\/sv\/arsberattelser\/","og_locale":"sv_SE","og_type":"article","og_title":"\u00c5rsber\u00e4ttelse | VEO","og_description":"L\u00e4s VEOs senaste \u00e5rsber\u00e4ttelse f\u00f6r en insikt i v\u00e5r finansiella utveckling, strategiska initiativ och h\u00e5llbarhetsarbete.","og_url":"https:\/\/veo.fi\/sv\/arsberattelser\/","og_site_name":"VEO Oy","article_modified_time":"2026-04-22T06:24:26+00:00","og_image":[{"width":1920,"height":1080,"url":"https:\/\/veo.fi\/wp-content\/uploads\/2022\/03\/VEO_etusivu_hero_1920x1080px.jpg","type":"image\/jpeg"}],"twitter_card":"summary_large_image","schema":{"@context":"https:\/\/schema.org","@graph":[{"@type":"WebPage","@id":"https:\/\/veo.fi\/sv\/arsberattelser\/","url":"https:\/\/veo.fi\/sv\/arsberattelser\/","name":"\u00c5rsber\u00e4ttelse | VEO","isPartOf":{"@id":"https:\/\/veo.fi\/#website"},"datePublished":"2022-04-05T05:30:33+00:00","dateModified":"2026-04-22T06:24:26+00:00","description":"L\u00e4s VEOs senaste \u00e5rsber\u00e4ttelse f\u00f6r en insikt i v\u00e5r finansiella utveckling, strategiska initiativ och h\u00e5llbarhetsarbete.","breadcrumb":{"@id":"https:\/\/veo.fi\/sv\/arsberattelser\/#breadcrumb"},"inLanguage":"sv-SE","potentialAction":[{"@type":"ReadAction","target":["https:\/\/veo.fi\/sv\/arsberattelser\/"]}]},{"@type":"BreadcrumbList","@id":"https:\/\/veo.fi\/sv\/arsberattelser\/#breadcrumb","itemListElement":[{"@type":"ListItem","position":1,"name":"Home","item":"https:\/\/veo.fi\/sv\/"},{"@type":"ListItem","position":2,"name":"\u00c5rsber\u00e4ttelser"}]},{"@type":"WebSite","@id":"https:\/\/veo.fi\/#website","url":"https:\/\/veo.fi\/","name":"VEO Oy","description":"","publisher":{"@id":"https:\/\/veo.fi\/#organization"},"potentialAction":[{"@type":"SearchAction","target":{"@type":"EntryPoint","urlTemplate":"https:\/\/veo.fi\/?s={search_term_string}"},"query-input":{"@type":"PropertyValueSpecification","valueRequired":true,"valueName":"search_term_string"}}],"inLanguage":"sv-SE"},{"@type":"Organization","@id":"https:\/\/veo.fi\/#organization","name":"VEO Oy","url":"https:\/\/veo.fi\/","logo":{"@type":"ImageObject","inLanguage":"sv-SE","@id":"https:\/\/veo.fi\/#\/schema\/logo\/image\/","url":"https:\/\/veo.fi\/wp-content\/uploads\/2022\/04\/veo_rgb-2.png","contentUrl":"https:\/\/veo.fi\/wp-content\/uploads\/2022\/04\/veo_rgb-2.png","width":803,"height":366,"caption":"VEO Oy"},"image":{"@id":"https:\/\/veo.fi\/#\/schema\/logo\/image\/"},"sameAs":["https:\/\/www.instagram.com\/veomoments\/?hl=fi","https:\/\/fi.linkedin.com\/company\/veogroup","https:\/\/www.youtube.com\/channel\/UC8XYauTvTGUCOtvVA9yBhdg"]}]}},"_links":{"self":[{"href":"https:\/\/veo.fi\/sv\/wp-json\/wp\/v2\/pages\/3286","targetHints":{"allow":["GET"]}}],"collection":[{"href":"https:\/\/veo.fi\/sv\/wp-json\/wp\/v2\/pages"}],"about":[{"href":"https:\/\/veo.fi\/sv\/wp-json\/wp\/v2\/types\/page"}],"author":[{"embeddable":true,"href":"https:\/\/veo.fi\/sv\/wp-json\/wp\/v2\/users\/2"}],"replies":[{"embeddable":true,"href":"https:\/\/veo.fi\/sv\/wp-json\/wp\/v2\/comments?post=3286"}],"version-history":[{"count":14,"href":"https:\/\/veo.fi\/sv\/wp-json\/wp\/v2\/pages\/3286\/revisions"}],"predecessor-version":[{"id":18851,"href":"https:\/\/veo.fi\/sv\/wp-json\/wp\/v2\/pages\/3286\/revisions\/18851"}],"wp:attachment":[{"href":"https:\/\/veo.fi\/sv\/wp-json\/wp\/v2\/media?parent=3286"}],"curies":[{"name":"wp","href":"https:\/\/api.w.org\/{rel}","templated":true}]}}