{"id":7820,"date":"2024-09-12T10:00:57","date_gmt":"2024-09-12T07:00:57","guid":{"rendered":"https:\/\/veo.fi\/?page_id=7820"},"modified":"2026-02-04T13:08:56","modified_gmt":"2026-02-04T11:08:56","slug":"keskijannitekojeisto-vector","status":"publish","type":"page","link":"https:\/\/veo.fi\/fi\/teknologiat\/sahkoistys\/kojeistot\/keskijannitekojeisto-vector\/","title":{"rendered":"Keskij\u00e4nnitekojeisto VECTOR"},"content":{"rendered":"","protected":false},"excerpt":{"rendered":"","protected":false},"author":4,"featured_media":0,"parent":7804,"menu_order":0,"comment_status":"closed","ping_status":"closed","template":"","meta":{"_acf_changed":false,"footnotes":""},"class_list":["post-7820","page","type-page","status-publish","hentry"],"acf":[],"yoast_head":"<!-- This site is optimized with the Yoast SEO plugin v27.4 - https:\/\/yoast.com\/product\/yoast-seo-wordpress\/ -->\n<title>Keskij\u00e4nnitekojeisto | VEO VECTOR-kojeisto<\/title>\n<meta name=\"description\" content=\"VEOn keskij\u00e4nnitekojeistot varmistavat turvallisen ja tehokkaan s\u00e4hk\u00f6njakelun tarjoten edistyksellist\u00e4 ohjausta.\" \/>\n<meta name=\"robots\" content=\"index, follow, max-snippet:-1, max-image-preview:large, max-video-preview:-1\" \/>\n<link rel=\"canonical\" href=\"https:\/\/veo.fi\/fi\/teknologiat\/sahkoistys\/kojeistot\/keskijannitekojeisto-vector\/\" \/>\n<meta property=\"og:locale\" content=\"fi_FI\" \/>\n<meta property=\"og:type\" content=\"article\" \/>\n<meta property=\"og:title\" content=\"Keskij\u00e4nnitekojeisto | VEO VECTOR-kojeisto\" \/>\n<meta property=\"og:description\" content=\"VEOn keskij\u00e4nnitekojeistot varmistavat turvallisen ja tehokkaan s\u00e4hk\u00f6njakelun tarjoten edistyksellist\u00e4 ohjausta.\" \/>\n<meta property=\"og:url\" content=\"https:\/\/veo.fi\/fi\/teknologiat\/sahkoistys\/kojeistot\/keskijannitekojeisto-vector\/\" \/>\n<meta property=\"og:site_name\" content=\"VEO Oy\" \/>\n<meta property=\"article:modified_time\" content=\"2026-02-04T11:08:56+00:00\" \/>\n<meta property=\"og:image\" content=\"https:\/\/veo.fi\/wp-content\/uploads\/2022\/03\/VEO_etusivu_hero_1920x1080px.jpg\" \/>\n\t<meta property=\"og:image:width\" content=\"1920\" \/>\n\t<meta property=\"og:image:height\" content=\"1080\" \/>\n\t<meta property=\"og:image:type\" content=\"image\/jpeg\" \/>\n<meta name=\"twitter:card\" content=\"summary_large_image\" \/>\n<script type=\"application\/ld+json\" class=\"yoast-schema-graph\">{\"@context\":\"https:\\\/\\\/schema.org\",\"@graph\":[{\"@type\":\"WebPage\",\"@id\":\"https:\\\/\\\/veo.fi\\\/fi\\\/teknologiat\\\/sahkoistys\\\/kojeistot\\\/keskijannitekojeisto-vector\\\/\",\"url\":\"https:\\\/\\\/veo.fi\\\/fi\\\/teknologiat\\\/sahkoistys\\\/kojeistot\\\/keskijannitekojeisto-vector\\\/\",\"name\":\"Keskij\u00e4nnitekojeisto | VEO VECTOR-kojeisto\",\"isPartOf\":{\"@id\":\"https:\\\/\\\/veo.fi\\\/#website\"},\"datePublished\":\"2024-09-12T07:00:57+00:00\",\"dateModified\":\"2026-02-04T11:08:56+00:00\",\"description\":\"VEOn keskij\u00e4nnitekojeistot varmistavat turvallisen ja tehokkaan s\u00e4hk\u00f6njakelun tarjoten edistyksellist\u00e4 ohjausta.\",\"breadcrumb\":{\"@id\":\"https:\\\/\\\/veo.fi\\\/fi\\\/teknologiat\\\/sahkoistys\\\/kojeistot\\\/keskijannitekojeisto-vector\\\/#breadcrumb\"},\"inLanguage\":\"fi\",\"potentialAction\":[{\"@type\":\"ReadAction\",\"target\":[\"https:\\\/\\\/veo.fi\\\/fi\\\/teknologiat\\\/sahkoistys\\\/kojeistot\\\/keskijannitekojeisto-vector\\\/\"]}]},{\"@type\":\"BreadcrumbList\",\"@id\":\"https:\\\/\\\/veo.fi\\\/fi\\\/teknologiat\\\/sahkoistys\\\/kojeistot\\\/keskijannitekojeisto-vector\\\/#breadcrumb\",\"itemListElement\":[{\"@type\":\"ListItem\",\"position\":1,\"name\":\"Home\",\"item\":\"https:\\\/\\\/veo.fi\\\/fi\\\/\"},{\"@type\":\"ListItem\",\"position\":2,\"name\":\"Teknologiat\",\"item\":\"https:\\\/\\\/veo.fi\\\/fi\\\/teknologiat\\\/\"},{\"@type\":\"ListItem\",\"position\":3,\"name\":\"S\u00e4hk\u00f6istys\",\"item\":\"https:\\\/\\\/veo.fi\\\/fi\\\/teknologiat\\\/sahkoistys\\\/\"},{\"@type\":\"ListItem\",\"position\":4,\"name\":\"Kojeistot\",\"item\":\"https:\\\/\\\/veo.fi\\\/fi\\\/teknologiat\\\/sahkoistys\\\/kojeistot\\\/\"},{\"@type\":\"ListItem\",\"position\":5,\"name\":\"Keskij\u00e4nnitekojeisto VECTOR\"}]},{\"@type\":\"WebSite\",\"@id\":\"https:\\\/\\\/veo.fi\\\/#website\",\"url\":\"https:\\\/\\\/veo.fi\\\/\",\"name\":\"VEO Oy\",\"description\":\"\",\"publisher\":{\"@id\":\"https:\\\/\\\/veo.fi\\\/#organization\"},\"potentialAction\":[{\"@type\":\"SearchAction\",\"target\":{\"@type\":\"EntryPoint\",\"urlTemplate\":\"https:\\\/\\\/veo.fi\\\/?s={search_term_string}\"},\"query-input\":{\"@type\":\"PropertyValueSpecification\",\"valueRequired\":true,\"valueName\":\"search_term_string\"}}],\"inLanguage\":\"fi\"},{\"@type\":\"Organization\",\"@id\":\"https:\\\/\\\/veo.fi\\\/#organization\",\"name\":\"VEO Oy\",\"url\":\"https:\\\/\\\/veo.fi\\\/\",\"logo\":{\"@type\":\"ImageObject\",\"inLanguage\":\"fi\",\"@id\":\"https:\\\/\\\/veo.fi\\\/#\\\/schema\\\/logo\\\/image\\\/\",\"url\":\"https:\\\/\\\/veo.fi\\\/wp-content\\\/uploads\\\/2022\\\/04\\\/veo_rgb-2.png\",\"contentUrl\":\"https:\\\/\\\/veo.fi\\\/wp-content\\\/uploads\\\/2022\\\/04\\\/veo_rgb-2.png\",\"width\":803,\"height\":366,\"caption\":\"VEO Oy\"},\"image\":{\"@id\":\"https:\\\/\\\/veo.fi\\\/#\\\/schema\\\/logo\\\/image\\\/\"},\"sameAs\":[\"https:\\\/\\\/www.instagram.com\\\/veomoments\\\/?hl=fi\",\"https:\\\/\\\/fi.linkedin.com\\\/company\\\/veogroup\",\"https:\\\/\\\/www.youtube.com\\\/channel\\\/UC8XYauTvTGUCOtvVA9yBhdg\"]}]}<\/script>\n<!-- \/ Yoast SEO plugin. -->","yoast_head_json":{"title":"Keskij\u00e4nnitekojeisto | VEO VECTOR-kojeisto","description":"VEOn keskij\u00e4nnitekojeistot varmistavat turvallisen ja tehokkaan s\u00e4hk\u00f6njakelun tarjoten edistyksellist\u00e4 ohjausta.","robots":{"index":"index","follow":"follow","max-snippet":"max-snippet:-1","max-image-preview":"max-image-preview:large","max-video-preview":"max-video-preview:-1"},"canonical":"https:\/\/veo.fi\/fi\/teknologiat\/sahkoistys\/kojeistot\/keskijannitekojeisto-vector\/","og_locale":"fi_FI","og_type":"article","og_title":"Keskij\u00e4nnitekojeisto | VEO VECTOR-kojeisto","og_description":"VEOn keskij\u00e4nnitekojeistot varmistavat turvallisen ja tehokkaan s\u00e4hk\u00f6njakelun tarjoten edistyksellist\u00e4 ohjausta.","og_url":"https:\/\/veo.fi\/fi\/teknologiat\/sahkoistys\/kojeistot\/keskijannitekojeisto-vector\/","og_site_name":"VEO Oy","article_modified_time":"2026-02-04T11:08:56+00:00","og_image":[{"width":1920,"height":1080,"url":"https:\/\/veo.fi\/wp-content\/uploads\/2022\/03\/VEO_etusivu_hero_1920x1080px.jpg","type":"image\/jpeg"}],"twitter_card":"summary_large_image","schema":{"@context":"https:\/\/schema.org","@graph":[{"@type":"WebPage","@id":"https:\/\/veo.fi\/fi\/teknologiat\/sahkoistys\/kojeistot\/keskijannitekojeisto-vector\/","url":"https:\/\/veo.fi\/fi\/teknologiat\/sahkoistys\/kojeistot\/keskijannitekojeisto-vector\/","name":"Keskij\u00e4nnitekojeisto | VEO VECTOR-kojeisto","isPartOf":{"@id":"https:\/\/veo.fi\/#website"},"datePublished":"2024-09-12T07:00:57+00:00","dateModified":"2026-02-04T11:08:56+00:00","description":"VEOn keskij\u00e4nnitekojeistot varmistavat turvallisen ja tehokkaan s\u00e4hk\u00f6njakelun tarjoten edistyksellist\u00e4 ohjausta.","breadcrumb":{"@id":"https:\/\/veo.fi\/fi\/teknologiat\/sahkoistys\/kojeistot\/keskijannitekojeisto-vector\/#breadcrumb"},"inLanguage":"fi","potentialAction":[{"@type":"ReadAction","target":["https:\/\/veo.fi\/fi\/teknologiat\/sahkoistys\/kojeistot\/keskijannitekojeisto-vector\/"]}]},{"@type":"BreadcrumbList","@id":"https:\/\/veo.fi\/fi\/teknologiat\/sahkoistys\/kojeistot\/keskijannitekojeisto-vector\/#breadcrumb","itemListElement":[{"@type":"ListItem","position":1,"name":"Home","item":"https:\/\/veo.fi\/fi\/"},{"@type":"ListItem","position":2,"name":"Teknologiat","item":"https:\/\/veo.fi\/fi\/teknologiat\/"},{"@type":"ListItem","position":3,"name":"S\u00e4hk\u00f6istys","item":"https:\/\/veo.fi\/fi\/teknologiat\/sahkoistys\/"},{"@type":"ListItem","position":4,"name":"Kojeistot","item":"https:\/\/veo.fi\/fi\/teknologiat\/sahkoistys\/kojeistot\/"},{"@type":"ListItem","position":5,"name":"Keskij\u00e4nnitekojeisto VECTOR"}]},{"@type":"WebSite","@id":"https:\/\/veo.fi\/#website","url":"https:\/\/veo.fi\/","name":"VEO Oy","description":"","publisher":{"@id":"https:\/\/veo.fi\/#organization"},"potentialAction":[{"@type":"SearchAction","target":{"@type":"EntryPoint","urlTemplate":"https:\/\/veo.fi\/?s={search_term_string}"},"query-input":{"@type":"PropertyValueSpecification","valueRequired":true,"valueName":"search_term_string"}}],"inLanguage":"fi"},{"@type":"Organization","@id":"https:\/\/veo.fi\/#organization","name":"VEO Oy","url":"https:\/\/veo.fi\/","logo":{"@type":"ImageObject","inLanguage":"fi","@id":"https:\/\/veo.fi\/#\/schema\/logo\/image\/","url":"https:\/\/veo.fi\/wp-content\/uploads\/2022\/04\/veo_rgb-2.png","contentUrl":"https:\/\/veo.fi\/wp-content\/uploads\/2022\/04\/veo_rgb-2.png","width":803,"height":366,"caption":"VEO Oy"},"image":{"@id":"https:\/\/veo.fi\/#\/schema\/logo\/image\/"},"sameAs":["https:\/\/www.instagram.com\/veomoments\/?hl=fi","https:\/\/fi.linkedin.com\/company\/veogroup","https:\/\/www.youtube.com\/channel\/UC8XYauTvTGUCOtvVA9yBhdg"]}]}},"_links":{"self":[{"href":"https:\/\/veo.fi\/fi\/wp-json\/wp\/v2\/pages\/7820","targetHints":{"allow":["GET"]}}],"collection":[{"href":"https:\/\/veo.fi\/fi\/wp-json\/wp\/v2\/pages"}],"about":[{"href":"https:\/\/veo.fi\/fi\/wp-json\/wp\/v2\/types\/page"}],"author":[{"embeddable":true,"href":"https:\/\/veo.fi\/fi\/wp-json\/wp\/v2\/users\/4"}],"replies":[{"embeddable":true,"href":"https:\/\/veo.fi\/fi\/wp-json\/wp\/v2\/comments?post=7820"}],"version-history":[{"count":26,"href":"https:\/\/veo.fi\/fi\/wp-json\/wp\/v2\/pages\/7820\/revisions"}],"predecessor-version":[{"id":18290,"href":"https:\/\/veo.fi\/fi\/wp-json\/wp\/v2\/pages\/7820\/revisions\/18290"}],"up":[{"embeddable":true,"href":"https:\/\/veo.fi\/fi\/wp-json\/wp\/v2\/pages\/7804"}],"wp:attachment":[{"href":"https:\/\/veo.fi\/fi\/wp-json\/wp\/v2\/media?parent=7820"}],"curies":[{"name":"wp","href":"https:\/\/api.w.org\/{rel}","templated":true}]}}