{"id":7567,"date":"2024-09-16T11:06:25","date_gmt":"2024-09-16T08:06:25","guid":{"rendered":"https:\/\/veo.fi\/?page_id=7567"},"modified":"2025-02-05T12:26:53","modified_gmt":"2025-02-05T10:26:53","slug":"ohjausjarjestelma-vecos","status":"publish","type":"page","link":"https:\/\/veo.fi\/fi\/teknologiat\/automaatio\/ohjausjarjestelma-vecos\/","title":{"rendered":"Ohjausj\u00e4rjestelm\u00e4 VECOS"},"content":{"rendered":"","protected":false},"excerpt":{"rendered":"","protected":false},"author":4,"featured_media":0,"parent":9582,"menu_order":0,"comment_status":"closed","ping_status":"closed","template":"","meta":{"_acf_changed":false,"footnotes":""},"class_list":["post-7567","page","type-page","status-publish","hentry"],"acf":[],"yoast_head":"<!-- This site is optimized with the Yoast SEO plugin v27.4 - https:\/\/yoast.com\/product\/yoast-seo-wordpress\/ -->\n<title>Automaatio-ohjausj\u00e4rjestelm\u00e4t | VEO VECOS-ohjausj\u00e4rjestelm\u00e4<\/title>\n<meta name=\"description\" content=\"VEOn automaatio-ohjausj\u00e4rjestelm\u00e4 VECOS optimoi teollisen toiminnan kehittyneen automaation ja t\u00e4sm\u00e4ohjauksen avulla.\" \/>\n<meta name=\"robots\" content=\"index, follow, max-snippet:-1, max-image-preview:large, max-video-preview:-1\" \/>\n<link rel=\"canonical\" href=\"https:\/\/veo.fi\/fi\/teknologiat\/automaatio\/ohjausjarjestelma-vecos\/\" \/>\n<meta property=\"og:locale\" content=\"fi_FI\" \/>\n<meta property=\"og:type\" content=\"article\" \/>\n<meta property=\"og:title\" content=\"Automaatio-ohjausj\u00e4rjestelm\u00e4t | VEO VECOS-ohjausj\u00e4rjestelm\u00e4\" \/>\n<meta property=\"og:description\" content=\"VEOn automaatio-ohjausj\u00e4rjestelm\u00e4 VECOS optimoi teollisen toiminnan kehittyneen automaation ja t\u00e4sm\u00e4ohjauksen avulla.\" \/>\n<meta property=\"og:url\" content=\"https:\/\/veo.fi\/fi\/teknologiat\/automaatio\/ohjausjarjestelma-vecos\/\" \/>\n<meta property=\"og:site_name\" content=\"VEO Oy\" \/>\n<meta property=\"article:modified_time\" content=\"2025-02-05T10:26:53+00:00\" \/>\n<meta property=\"og:image\" content=\"https:\/\/veo.fi\/wp-content\/uploads\/2022\/03\/VEO_etusivu_hero_1920x1080px.jpg\" \/>\n\t<meta property=\"og:image:width\" content=\"1920\" \/>\n\t<meta property=\"og:image:height\" content=\"1080\" \/>\n\t<meta property=\"og:image:type\" content=\"image\/jpeg\" \/>\n<meta name=\"twitter:card\" content=\"summary_large_image\" \/>\n<script type=\"application\/ld+json\" class=\"yoast-schema-graph\">{\"@context\":\"https:\\\/\\\/schema.org\",\"@graph\":[{\"@type\":\"WebPage\",\"@id\":\"https:\\\/\\\/veo.fi\\\/fi\\\/teknologiat\\\/automaatio\\\/ohjausjarjestelma-vecos\\\/\",\"url\":\"https:\\\/\\\/veo.fi\\\/fi\\\/teknologiat\\\/automaatio\\\/ohjausjarjestelma-vecos\\\/\",\"name\":\"Automaatio-ohjausj\u00e4rjestelm\u00e4t | VEO VECOS-ohjausj\u00e4rjestelm\u00e4\",\"isPartOf\":{\"@id\":\"https:\\\/\\\/veo.fi\\\/#website\"},\"datePublished\":\"2024-09-16T08:06:25+00:00\",\"dateModified\":\"2025-02-05T10:26:53+00:00\",\"description\":\"VEOn automaatio-ohjausj\u00e4rjestelm\u00e4 VECOS optimoi teollisen toiminnan kehittyneen automaation ja t\u00e4sm\u00e4ohjauksen avulla.\",\"breadcrumb\":{\"@id\":\"https:\\\/\\\/veo.fi\\\/fi\\\/teknologiat\\\/automaatio\\\/ohjausjarjestelma-vecos\\\/#breadcrumb\"},\"inLanguage\":\"fi\",\"potentialAction\":[{\"@type\":\"ReadAction\",\"target\":[\"https:\\\/\\\/veo.fi\\\/fi\\\/teknologiat\\\/automaatio\\\/ohjausjarjestelma-vecos\\\/\"]}]},{\"@type\":\"BreadcrumbList\",\"@id\":\"https:\\\/\\\/veo.fi\\\/fi\\\/teknologiat\\\/automaatio\\\/ohjausjarjestelma-vecos\\\/#breadcrumb\",\"itemListElement\":[{\"@type\":\"ListItem\",\"position\":1,\"name\":\"Home\",\"item\":\"https:\\\/\\\/veo.fi\\\/fi\\\/\"},{\"@type\":\"ListItem\",\"position\":2,\"name\":\"Teknologiat\",\"item\":\"https:\\\/\\\/veo.fi\\\/fi\\\/teknologiat\\\/\"},{\"@type\":\"ListItem\",\"position\":3,\"name\":\"Automaatio\",\"item\":\"https:\\\/\\\/veo.fi\\\/fi\\\/teknologiat\\\/automaatio\\\/\"},{\"@type\":\"ListItem\",\"position\":4,\"name\":\"Ohjausj\u00e4rjestelm\u00e4 VECOS\"}]},{\"@type\":\"WebSite\",\"@id\":\"https:\\\/\\\/veo.fi\\\/#website\",\"url\":\"https:\\\/\\\/veo.fi\\\/\",\"name\":\"VEO Oy\",\"description\":\"\",\"publisher\":{\"@id\":\"https:\\\/\\\/veo.fi\\\/#organization\"},\"potentialAction\":[{\"@type\":\"SearchAction\",\"target\":{\"@type\":\"EntryPoint\",\"urlTemplate\":\"https:\\\/\\\/veo.fi\\\/?s={search_term_string}\"},\"query-input\":{\"@type\":\"PropertyValueSpecification\",\"valueRequired\":true,\"valueName\":\"search_term_string\"}}],\"inLanguage\":\"fi\"},{\"@type\":\"Organization\",\"@id\":\"https:\\\/\\\/veo.fi\\\/#organization\",\"name\":\"VEO Oy\",\"url\":\"https:\\\/\\\/veo.fi\\\/\",\"logo\":{\"@type\":\"ImageObject\",\"inLanguage\":\"fi\",\"@id\":\"https:\\\/\\\/veo.fi\\\/#\\\/schema\\\/logo\\\/image\\\/\",\"url\":\"https:\\\/\\\/veo.fi\\\/wp-content\\\/uploads\\\/2022\\\/04\\\/veo_rgb-2.png\",\"contentUrl\":\"https:\\\/\\\/veo.fi\\\/wp-content\\\/uploads\\\/2022\\\/04\\\/veo_rgb-2.png\",\"width\":803,\"height\":366,\"caption\":\"VEO Oy\"},\"image\":{\"@id\":\"https:\\\/\\\/veo.fi\\\/#\\\/schema\\\/logo\\\/image\\\/\"},\"sameAs\":[\"https:\\\/\\\/www.instagram.com\\\/veomoments\\\/?hl=fi\",\"https:\\\/\\\/fi.linkedin.com\\\/company\\\/veogroup\",\"https:\\\/\\\/www.youtube.com\\\/channel\\\/UC8XYauTvTGUCOtvVA9yBhdg\"]}]}<\/script>\n<!-- \/ Yoast SEO plugin. -->","yoast_head_json":{"title":"Automaatio-ohjausj\u00e4rjestelm\u00e4t | VEO VECOS-ohjausj\u00e4rjestelm\u00e4","description":"VEOn automaatio-ohjausj\u00e4rjestelm\u00e4 VECOS optimoi teollisen toiminnan kehittyneen automaation ja t\u00e4sm\u00e4ohjauksen avulla.","robots":{"index":"index","follow":"follow","max-snippet":"max-snippet:-1","max-image-preview":"max-image-preview:large","max-video-preview":"max-video-preview:-1"},"canonical":"https:\/\/veo.fi\/fi\/teknologiat\/automaatio\/ohjausjarjestelma-vecos\/","og_locale":"fi_FI","og_type":"article","og_title":"Automaatio-ohjausj\u00e4rjestelm\u00e4t | VEO VECOS-ohjausj\u00e4rjestelm\u00e4","og_description":"VEOn automaatio-ohjausj\u00e4rjestelm\u00e4 VECOS optimoi teollisen toiminnan kehittyneen automaation ja t\u00e4sm\u00e4ohjauksen avulla.","og_url":"https:\/\/veo.fi\/fi\/teknologiat\/automaatio\/ohjausjarjestelma-vecos\/","og_site_name":"VEO Oy","article_modified_time":"2025-02-05T10:26:53+00:00","og_image":[{"width":1920,"height":1080,"url":"https:\/\/veo.fi\/wp-content\/uploads\/2022\/03\/VEO_etusivu_hero_1920x1080px.jpg","type":"image\/jpeg"}],"twitter_card":"summary_large_image","schema":{"@context":"https:\/\/schema.org","@graph":[{"@type":"WebPage","@id":"https:\/\/veo.fi\/fi\/teknologiat\/automaatio\/ohjausjarjestelma-vecos\/","url":"https:\/\/veo.fi\/fi\/teknologiat\/automaatio\/ohjausjarjestelma-vecos\/","name":"Automaatio-ohjausj\u00e4rjestelm\u00e4t | VEO VECOS-ohjausj\u00e4rjestelm\u00e4","isPartOf":{"@id":"https:\/\/veo.fi\/#website"},"datePublished":"2024-09-16T08:06:25+00:00","dateModified":"2025-02-05T10:26:53+00:00","description":"VEOn automaatio-ohjausj\u00e4rjestelm\u00e4 VECOS optimoi teollisen toiminnan kehittyneen automaation ja t\u00e4sm\u00e4ohjauksen avulla.","breadcrumb":{"@id":"https:\/\/veo.fi\/fi\/teknologiat\/automaatio\/ohjausjarjestelma-vecos\/#breadcrumb"},"inLanguage":"fi","potentialAction":[{"@type":"ReadAction","target":["https:\/\/veo.fi\/fi\/teknologiat\/automaatio\/ohjausjarjestelma-vecos\/"]}]},{"@type":"BreadcrumbList","@id":"https:\/\/veo.fi\/fi\/teknologiat\/automaatio\/ohjausjarjestelma-vecos\/#breadcrumb","itemListElement":[{"@type":"ListItem","position":1,"name":"Home","item":"https:\/\/veo.fi\/fi\/"},{"@type":"ListItem","position":2,"name":"Teknologiat","item":"https:\/\/veo.fi\/fi\/teknologiat\/"},{"@type":"ListItem","position":3,"name":"Automaatio","item":"https:\/\/veo.fi\/fi\/teknologiat\/automaatio\/"},{"@type":"ListItem","position":4,"name":"Ohjausj\u00e4rjestelm\u00e4 VECOS"}]},{"@type":"WebSite","@id":"https:\/\/veo.fi\/#website","url":"https:\/\/veo.fi\/","name":"VEO Oy","description":"","publisher":{"@id":"https:\/\/veo.fi\/#organization"},"potentialAction":[{"@type":"SearchAction","target":{"@type":"EntryPoint","urlTemplate":"https:\/\/veo.fi\/?s={search_term_string}"},"query-input":{"@type":"PropertyValueSpecification","valueRequired":true,"valueName":"search_term_string"}}],"inLanguage":"fi"},{"@type":"Organization","@id":"https:\/\/veo.fi\/#organization","name":"VEO Oy","url":"https:\/\/veo.fi\/","logo":{"@type":"ImageObject","inLanguage":"fi","@id":"https:\/\/veo.fi\/#\/schema\/logo\/image\/","url":"https:\/\/veo.fi\/wp-content\/uploads\/2022\/04\/veo_rgb-2.png","contentUrl":"https:\/\/veo.fi\/wp-content\/uploads\/2022\/04\/veo_rgb-2.png","width":803,"height":366,"caption":"VEO Oy"},"image":{"@id":"https:\/\/veo.fi\/#\/schema\/logo\/image\/"},"sameAs":["https:\/\/www.instagram.com\/veomoments\/?hl=fi","https:\/\/fi.linkedin.com\/company\/veogroup","https:\/\/www.youtube.com\/channel\/UC8XYauTvTGUCOtvVA9yBhdg"]}]}},"_links":{"self":[{"href":"https:\/\/veo.fi\/fi\/wp-json\/wp\/v2\/pages\/7567","targetHints":{"allow":["GET"]}}],"collection":[{"href":"https:\/\/veo.fi\/fi\/wp-json\/wp\/v2\/pages"}],"about":[{"href":"https:\/\/veo.fi\/fi\/wp-json\/wp\/v2\/types\/page"}],"author":[{"embeddable":true,"href":"https:\/\/veo.fi\/fi\/wp-json\/wp\/v2\/users\/4"}],"replies":[{"embeddable":true,"href":"https:\/\/veo.fi\/fi\/wp-json\/wp\/v2\/comments?post=7567"}],"version-history":[{"count":8,"href":"https:\/\/veo.fi\/fi\/wp-json\/wp\/v2\/pages\/7567\/revisions"}],"predecessor-version":[{"id":15153,"href":"https:\/\/veo.fi\/fi\/wp-json\/wp\/v2\/pages\/7567\/revisions\/15153"}],"up":[{"embeddable":true,"href":"https:\/\/veo.fi\/fi\/wp-json\/wp\/v2\/pages\/9582"}],"wp:attachment":[{"href":"https:\/\/veo.fi\/fi\/wp-json\/wp\/v2\/media?parent=7567"}],"curies":[{"name":"wp","href":"https:\/\/api.w.org\/{rel}","templated":true}]}}