{"id":5167,"date":"2022-03-14T11:03:31","date_gmt":"2022-03-14T09:03:31","guid":{"rendered":"https:\/\/veo.fi\/?page_id=5167"},"modified":"2026-04-07T13:24:04","modified_gmt":"2026-04-07T10:24:04","slug":"yritys","status":"publish","type":"page","link":"https:\/\/veo.fi\/fi\/yritys\/","title":{"rendered":"Yritys"},"content":{"rendered":"","protected":false},"excerpt":{"rendered":"","protected":false},"author":1,"featured_media":0,"parent":0,"menu_order":0,"comment_status":"closed","ping_status":"closed","template":"","meta":{"_acf_changed":false,"footnotes":""},"class_list":["post-5167","page","type-page","status-publish","hentry"],"acf":[],"yoast_head":"<!-- This site is optimized with the Yoast SEO plugin v27.2 - https:\/\/yoast.com\/product\/yoast-seo-wordpress\/ -->\n<title>Yritys | VEO<\/title>\n<meta name=\"description\" content=\"Lue lis\u00e4\u00e4 VEOsta, joka on johtava automaatio- ja s\u00e4hk\u00f6istysratkaisujen toimittaja. Tutustu arvoihimme ja tavoitteisiimme edist\u00e4\u00e4 energiamurrosta\" \/>\n<meta name=\"robots\" content=\"index, follow, max-snippet:-1, max-image-preview:large, max-video-preview:-1\" \/>\n<link rel=\"canonical\" href=\"https:\/\/veo.fi\/fi\/yritys\/\" \/>\n<meta property=\"og:locale\" content=\"fi_FI\" \/>\n<meta property=\"og:type\" content=\"article\" \/>\n<meta property=\"og:title\" content=\"Yritys | VEO\" \/>\n<meta property=\"og:description\" content=\"Lue lis\u00e4\u00e4 VEOsta, joka on johtava automaatio- ja s\u00e4hk\u00f6istysratkaisujen toimittaja. Tutustu arvoihimme ja tavoitteisiimme edist\u00e4\u00e4 energiamurrosta\" \/>\n<meta property=\"og:url\" content=\"https:\/\/veo.fi\/fi\/yritys\/\" \/>\n<meta property=\"og:site_name\" content=\"VEO Oy\" \/>\n<meta property=\"article:modified_time\" content=\"2026-04-07T10:24:04+00:00\" \/>\n<meta property=\"og:image\" content=\"https:\/\/veo.fi\/wp-content\/uploads\/2022\/03\/VEO_etusivu_hero_1920x1080px.jpg\" \/>\n\t<meta property=\"og:image:width\" content=\"1920\" \/>\n\t<meta property=\"og:image:height\" content=\"1080\" \/>\n\t<meta property=\"og:image:type\" content=\"image\/jpeg\" \/>\n<meta name=\"twitter:card\" content=\"summary_large_image\" \/>\n<script type=\"application\/ld+json\" class=\"yoast-schema-graph\">{\"@context\":\"https:\/\/schema.org\",\"@graph\":[{\"@type\":\"WebPage\",\"@id\":\"https:\/\/veo.fi\/fi\/yritys\/\",\"url\":\"https:\/\/veo.fi\/fi\/yritys\/\",\"name\":\"Yritys | VEO\",\"isPartOf\":{\"@id\":\"https:\/\/veo.fi\/#website\"},\"datePublished\":\"2022-03-14T09:03:31+00:00\",\"dateModified\":\"2026-04-07T10:24:04+00:00\",\"description\":\"Lue lis\u00e4\u00e4 VEOsta, joka on johtava automaatio- ja s\u00e4hk\u00f6istysratkaisujen toimittaja. Tutustu arvoihimme ja tavoitteisiimme edist\u00e4\u00e4 energiamurrosta\",\"breadcrumb\":{\"@id\":\"https:\/\/veo.fi\/fi\/yritys\/#breadcrumb\"},\"inLanguage\":\"fi\",\"potentialAction\":[{\"@type\":\"ReadAction\",\"target\":[\"https:\/\/veo.fi\/fi\/yritys\/\"]}]},{\"@type\":\"BreadcrumbList\",\"@id\":\"https:\/\/veo.fi\/fi\/yritys\/#breadcrumb\",\"itemListElement\":[{\"@type\":\"ListItem\",\"position\":1,\"name\":\"Home\",\"item\":\"https:\/\/veo.fi\/fi\/\"},{\"@type\":\"ListItem\",\"position\":2,\"name\":\"Yritys\"}]},{\"@type\":\"WebSite\",\"@id\":\"https:\/\/veo.fi\/#website\",\"url\":\"https:\/\/veo.fi\/\",\"name\":\"VEO Oy\",\"description\":\"\",\"publisher\":{\"@id\":\"https:\/\/veo.fi\/#organization\"},\"potentialAction\":[{\"@type\":\"SearchAction\",\"target\":{\"@type\":\"EntryPoint\",\"urlTemplate\":\"https:\/\/veo.fi\/?s={search_term_string}\"},\"query-input\":{\"@type\":\"PropertyValueSpecification\",\"valueRequired\":true,\"valueName\":\"search_term_string\"}}],\"inLanguage\":\"fi\"},{\"@type\":\"Organization\",\"@id\":\"https:\/\/veo.fi\/#organization\",\"name\":\"VEO Oy\",\"url\":\"https:\/\/veo.fi\/\",\"logo\":{\"@type\":\"ImageObject\",\"inLanguage\":\"fi\",\"@id\":\"https:\/\/veo.fi\/#\/schema\/logo\/image\/\",\"url\":\"https:\/\/veo.fi\/wp-content\/uploads\/2022\/04\/veo_rgb-2.png\",\"contentUrl\":\"https:\/\/veo.fi\/wp-content\/uploads\/2022\/04\/veo_rgb-2.png\",\"width\":803,\"height\":366,\"caption\":\"VEO Oy\"},\"image\":{\"@id\":\"https:\/\/veo.fi\/#\/schema\/logo\/image\/\"},\"sameAs\":[\"https:\/\/www.instagram.com\/veomoments\/?hl=fi\",\"https:\/\/fi.linkedin.com\/company\/veogroup\",\"https:\/\/www.youtube.com\/channel\/UC8XYauTvTGUCOtvVA9yBhdg\"]}]}<\/script>\n<!-- \/ Yoast SEO plugin. -->","yoast_head_json":{"title":"Yritys | VEO","description":"Lue lis\u00e4\u00e4 VEOsta, joka on johtava automaatio- ja s\u00e4hk\u00f6istysratkaisujen toimittaja. Tutustu arvoihimme ja tavoitteisiimme edist\u00e4\u00e4 energiamurrosta","robots":{"index":"index","follow":"follow","max-snippet":"max-snippet:-1","max-image-preview":"max-image-preview:large","max-video-preview":"max-video-preview:-1"},"canonical":"https:\/\/veo.fi\/fi\/yritys\/","og_locale":"fi_FI","og_type":"article","og_title":"Yritys | VEO","og_description":"Lue lis\u00e4\u00e4 VEOsta, joka on johtava automaatio- ja s\u00e4hk\u00f6istysratkaisujen toimittaja. Tutustu arvoihimme ja tavoitteisiimme edist\u00e4\u00e4 energiamurrosta","og_url":"https:\/\/veo.fi\/fi\/yritys\/","og_site_name":"VEO Oy","article_modified_time":"2026-04-07T10:24:04+00:00","og_image":[{"width":1920,"height":1080,"url":"https:\/\/veo.fi\/wp-content\/uploads\/2022\/03\/VEO_etusivu_hero_1920x1080px.jpg","type":"image\/jpeg"}],"twitter_card":"summary_large_image","schema":{"@context":"https:\/\/schema.org","@graph":[{"@type":"WebPage","@id":"https:\/\/veo.fi\/fi\/yritys\/","url":"https:\/\/veo.fi\/fi\/yritys\/","name":"Yritys | VEO","isPartOf":{"@id":"https:\/\/veo.fi\/#website"},"datePublished":"2022-03-14T09:03:31+00:00","dateModified":"2026-04-07T10:24:04+00:00","description":"Lue lis\u00e4\u00e4 VEOsta, joka on johtava automaatio- ja s\u00e4hk\u00f6istysratkaisujen toimittaja. Tutustu arvoihimme ja tavoitteisiimme edist\u00e4\u00e4 energiamurrosta","breadcrumb":{"@id":"https:\/\/veo.fi\/fi\/yritys\/#breadcrumb"},"inLanguage":"fi","potentialAction":[{"@type":"ReadAction","target":["https:\/\/veo.fi\/fi\/yritys\/"]}]},{"@type":"BreadcrumbList","@id":"https:\/\/veo.fi\/fi\/yritys\/#breadcrumb","itemListElement":[{"@type":"ListItem","position":1,"name":"Home","item":"https:\/\/veo.fi\/fi\/"},{"@type":"ListItem","position":2,"name":"Yritys"}]},{"@type":"WebSite","@id":"https:\/\/veo.fi\/#website","url":"https:\/\/veo.fi\/","name":"VEO Oy","description":"","publisher":{"@id":"https:\/\/veo.fi\/#organization"},"potentialAction":[{"@type":"SearchAction","target":{"@type":"EntryPoint","urlTemplate":"https:\/\/veo.fi\/?s={search_term_string}"},"query-input":{"@type":"PropertyValueSpecification","valueRequired":true,"valueName":"search_term_string"}}],"inLanguage":"fi"},{"@type":"Organization","@id":"https:\/\/veo.fi\/#organization","name":"VEO Oy","url":"https:\/\/veo.fi\/","logo":{"@type":"ImageObject","inLanguage":"fi","@id":"https:\/\/veo.fi\/#\/schema\/logo\/image\/","url":"https:\/\/veo.fi\/wp-content\/uploads\/2022\/04\/veo_rgb-2.png","contentUrl":"https:\/\/veo.fi\/wp-content\/uploads\/2022\/04\/veo_rgb-2.png","width":803,"height":366,"caption":"VEO Oy"},"image":{"@id":"https:\/\/veo.fi\/#\/schema\/logo\/image\/"},"sameAs":["https:\/\/www.instagram.com\/veomoments\/?hl=fi","https:\/\/fi.linkedin.com\/company\/veogroup","https:\/\/www.youtube.com\/channel\/UC8XYauTvTGUCOtvVA9yBhdg"]}]}},"_links":{"self":[{"href":"https:\/\/veo.fi\/fi\/wp-json\/wp\/v2\/pages\/5167","targetHints":{"allow":["GET"]}}],"collection":[{"href":"https:\/\/veo.fi\/fi\/wp-json\/wp\/v2\/pages"}],"about":[{"href":"https:\/\/veo.fi\/fi\/wp-json\/wp\/v2\/types\/page"}],"author":[{"embeddable":true,"href":"https:\/\/veo.fi\/fi\/wp-json\/wp\/v2\/users\/1"}],"replies":[{"embeddable":true,"href":"https:\/\/veo.fi\/fi\/wp-json\/wp\/v2\/comments?post=5167"}],"version-history":[{"count":37,"href":"https:\/\/veo.fi\/fi\/wp-json\/wp\/v2\/pages\/5167\/revisions"}],"predecessor-version":[{"id":18595,"href":"https:\/\/veo.fi\/fi\/wp-json\/wp\/v2\/pages\/5167\/revisions\/18595"}],"wp:attachment":[{"href":"https:\/\/veo.fi\/fi\/wp-json\/wp\/v2\/media?parent=5167"}],"curies":[{"name":"wp","href":"https:\/\/api.w.org\/{rel}","templated":true}]}}